{"id":25,"date":"2008-03-24T14:09:04","date_gmt":"2008-03-24T12:09:04","guid":{"rendered":"http:\/\/www.hirvikatu10.net\/wordpress.1\/?page_id=25"},"modified":"2022-10-06T12:41:46","modified_gmt":"2022-10-06T10:41:46","slug":"talonkokous","status":"publish","type":"page","link":"https:\/\/www.hirvikatu10.net\/tietoja\/talonkokous\/","title":{"rendered":"Talonkokous &#8211; House meeting"},"content":{"rendered":"<p><a href=\"?page_id=2\">&gt;&gt;<\/a><a href=\"?page_id=2\">esittely\u00a0&#8211; introduction<\/a><br \/>\n<a href=\"?page_id=18\">&gt;&gt;<\/a><a href=\"?page_id=18\">tilat\u00a0&#8211; spaces<\/a><br \/>\n<a href=\"?page_id=1543\">&gt;&gt;<\/a><a href=\"?page_id=1543\">n\u00e4yttelynhaku\u00a0&#8211; open call for exhibitions<\/a><\/p>\n<p>Hirvitalolla j\u00e4rjestet\u00e4\u00e4n joka tiistai klo 17 kaikille avoin talonkokous, jossa k\u00e4yd\u00e4\u00e4n l\u00e4pi talon yll\u00e4pitoon ja siell\u00e4 j\u00e4rjestett\u00e4v\u00e4\u00e4n toimintaan liittyvi\u00e4 asioita. Jos sinulla on idea esim. tapahtuman j\u00e4rjest\u00e4misest\u00e4, tule esittelem\u00e4\u00e4n se kokoukseen!<\/p>\n<p>Tulevan kokouksen asialistaa voi muokata foorumillamme: <a href=\"http:\/\/www.hirvikatu10.net\/foorumi\">www.hirvikatu10.net\/foorumi<\/a>, jonne pyrimme my\u00f6s kirjoittamaan jokaisesta kokouksesta vapaamuotoisen p\u00f6yt\u00e4kirjan. Foorumi vaatii k\u00e4ytt\u00e4j\u00e4tunnuksen luomisen &amp; hyv\u00e4ksymisen. Kun teet k\u00e4ytt\u00e4j\u00e4tunnuksen, ilmoita se osoitteeseen ithirvihirvinen@gmail.com, jotta saat tunnuksen k\u00e4ytt\u00f6\u00f6n.<\/p>\n<p>***<\/p>\n<p dir=\"ltr\">The house meeting, which is open to everyone, is held at the Hirvitalo every Tuesday at 5 pm, where issues related to the maintenance and activities of the house are discussed. If you have an idea for organizing an event, for example, come and present it at the meeting!<\/p>\n<p dir=\"ltr\">The agenda for the forthcoming meeting can be edited in our forum: <a href=\"http:\/\/www.hirvikatu10.net\/foorumi\">www.hirvikatu10.net\/foorumi<\/a>, where we will also try to write free-form minutes of each meeting. The forum requires the creation &amp; acceptance of a username. When you create a username, report it to ithirvihirvinen@gmail.com to activate the username.<\/p>\n","protected":false},"excerpt":{"rendered":"<p>&gt;&gt;esittely\u00a0&#8211; introduction &gt;&gt;tilat\u00a0&#8211; spaces &gt;&gt;n\u00e4yttelynhaku\u00a0&#8211; open call for exhibitions Hirvitalolla j\u00e4rjestet\u00e4\u00e4n joka tiistai klo 17 kaikille avoin talonkokous, jossa k\u00e4yd\u00e4\u00e4n l\u00e4pi talon yll\u00e4pitoon ja siell\u00e4 j\u00e4rjestett\u00e4v\u00e4\u00e4n toimintaan liittyvi\u00e4 asioita. Jos sinulla on idea esim. tapahtuman j\u00e4rjest\u00e4misest\u00e4, tule esittelem\u00e4\u00e4n se kokoukseen! Tulevan kokouksen asialistaa voi muokata foorumillamme: www.hirvikatu10.net\/foorumi, jonne pyrimme my\u00f6s kirjoittamaan jokaisesta kokouksesta vapaamuotoisen p\u00f6yt\u00e4kirjan. [&hellip;]<\/p>\n","protected":false},"author":1,"featured_media":0,"parent":2,"menu_order":0,"comment_status":"closed","ping_status":"open","template":"","meta":{"footnotes":""},"class_list":["post-25","page","type-page","status-publish","hentry"],"_links":{"self":[{"href":"https:\/\/www.hirvikatu10.net\/wp-json\/wp\/v2\/pages\/25","targetHints":{"allow":["GET"]}}],"collection":[{"href":"https:\/\/www.hirvikatu10.net\/wp-json\/wp\/v2\/pages"}],"about":[{"href":"https:\/\/www.hirvikatu10.net\/wp-json\/wp\/v2\/types\/page"}],"author":[{"embeddable":true,"href":"https:\/\/www.hirvikatu10.net\/wp-json\/wp\/v2\/users\/1"}],"replies":[{"embeddable":true,"href":"https:\/\/www.hirvikatu10.net\/wp-json\/wp\/v2\/comments?post=25"}],"version-history":[{"count":15,"href":"https:\/\/www.hirvikatu10.net\/wp-json\/wp\/v2\/pages\/25\/revisions"}],"predecessor-version":[{"id":5626,"href":"https:\/\/www.hirvikatu10.net\/wp-json\/wp\/v2\/pages\/25\/revisions\/5626"}],"up":[{"embeddable":true,"href":"https:\/\/www.hirvikatu10.net\/wp-json\/wp\/v2\/pages\/2"}],"wp:attachment":[{"href":"https:\/\/www.hirvikatu10.net\/wp-json\/wp\/v2\/media?parent=25"}],"curies":[{"name":"wp","href":"https:\/\/api.w.org\/{rel}","templated":true}]}}