{"id":6090,"date":"2023-11-10T14:14:31","date_gmt":"2023-11-10T12:14:31","guid":{"rendered":"https:\/\/www.hirvikatu10.net\/wordpress.1\/?page_id=6090"},"modified":"2023-11-10T14:14:31","modified_gmt":"2023-11-10T12:14:31","slug":"vilma-leino-memorizing-labyrinths","status":"publish","type":"page","link":"https:\/\/www.hirvikatu10.net\/nayttelyt\/vilma-leino-memorizing-labyrinths\/","title":{"rendered":"Vilma Leino &#8211; Memorizing Labyrinths"},"content":{"rendered":"\n<figure class=\"wp-block-image size-large\"><a href=\"https:\/\/www.hirvikatu10.net\/wordpress.1\/wp-content\/uploads\/2023\/11\/397580370_6946496568744463_4402442070677891252_n.jpg\"><img loading=\"lazy\" decoding=\"async\" width=\"724\" height=\"1024\" src=\"https:\/\/www.hirvikatu10.net\/wordpress.1\/wp-content\/uploads\/2023\/11\/397580370_6946496568744463_4402442070677891252_n-724x1024.jpg\" alt=\"\" class=\"wp-image-6091\" srcset=\"https:\/\/www.hirvikatu10.net\/wordpress.1\/wp-content\/uploads\/2023\/11\/397580370_6946496568744463_4402442070677891252_n-724x1024.jpg 724w, https:\/\/www.hirvikatu10.net\/wordpress.1\/wp-content\/uploads\/2023\/11\/397580370_6946496568744463_4402442070677891252_n-212x300.jpg 212w, https:\/\/www.hirvikatu10.net\/wordpress.1\/wp-content\/uploads\/2023\/11\/397580370_6946496568744463_4402442070677891252_n-768x1086.jpg 768w, https:\/\/www.hirvikatu10.net\/wordpress.1\/wp-content\/uploads\/2023\/11\/397580370_6946496568744463_4402442070677891252_n-1086x1536.jpg 1086w, https:\/\/www.hirvikatu10.net\/wordpress.1\/wp-content\/uploads\/2023\/11\/397580370_6946496568744463_4402442070677891252_n.jpg 1448w\" sizes=\"auto, (max-width: 724px) 100vw, 724px\" \/><\/a><\/figure>\n\n\n\n<p>Memorizing Labyrinths n\u00e4yttely koostuu Vilma Leinon omakuvista vuosilta 2020-2023. H\u00e4nen valokuvansa keskittyv\u00e4t heijastamaan sis\u00e4isi\u00e4 tunteita, eristyneisyytt\u00e4, sek\u00e4 psykologisia haasteita. Leinon valokuvat kuvastavat kertomatta j\u00e4tettyj\u00e4 tarinoita kuvitteellisten naishahmojen kautta, yhdist\u00e4en intensiivisi\u00e4 v\u00e4rej\u00e4, harkittuja kompositioita, sek\u00e4 ilmeet\u00f6nt\u00e4 ja apaattista ihmiskehoa. H\u00e4nen valokuvansa tasapainottavat kauhua ja kauneutta, j\u00e4tt\u00e4en tilaa huumorille, jota h\u00e4n k\u00e4ytt\u00e4\u00e4 valoa ankeuteen tuovana aspektina. H\u00e4nen valokuvansa ovat yhden naisen n\u00e4yt\u00f6s, jossa kontrolli ja sen menett\u00e4miseen liittyv\u00e4 ahdinko k\u00e4yv\u00e4t jatkuvaa dialogia, muodostaen kasvutarinan, jossa pelko muuttuu vahvuudeksi.<br>Leinolle omakuvaus on taiteenmuoto, jossa h\u00e4n kokee olevansa vapain mahdollinen versio itsest\u00e4\u00e4n. Yksinolo kameran kanssa pieniss\u00e4, klaustrofobisen ahtaissa huoneissa antaa h\u00e4nelle tilaa ymm\u00e4rt\u00e4\u00e4 itse\u00e4\u00e4n sek\u00e4 kaikkea ymp\u00e4rill\u00e4. H\u00e4nen omakuvansa ovat saaneet alkunsa identiteetin etsimisest\u00e4 ja leikikk\u00e4\u00e4st\u00e4 suhtautumisesta omaan kehoon, mutta ovat my\u00f6s tarjonneet h\u00e4nelle paikan johon piiloutua ja olla yksin. Kirkkaista v\u00e4reist\u00e4 on muodostunut h\u00e4nelle keino puhua silloin kun omat sanat eiv\u00e4t riit\u00e4 lauseiden muodostamiseen. H\u00e4nen valokuvansa kertovat kaaoksen ja selvyyden v\u00e4limaastosta, jossa Leino usein sekoittaa kauhun ja komedian sekaisia tunnetiloja, antaen katsojalle monta mahdollista loppuratkaisua. H\u00e4nen valokuvansa ovat tarinoita kodin keski\u00f6st\u00e4, jossa tasapainoinen arki muuttuu ep\u00e4tavalliseksi, ja itsest\u00e4 huolehtimisen t\u00e4rkeys ja itsens\u00e4 rakastamisen opettelu ovat keski\u00f6ss\u00e4.<br>Leinoa inspiroi lapsuuden ja nuoren aikuisuuden v\u00e4limaasto, sek\u00e4 h\u00e4nt\u00e4 lapsena ymp\u00e4r\u00f6ineet objektit ja tilat. H\u00e4n usein inspiroituu hyvin tavallisista esineist\u00e4 ja huonekaluista, ja n\u00e4kee n\u00e4m\u00e4 haasteena rakentaa uudenlainen, surrealistinen maailma tyls\u00e4n\u00e4 pidetyist\u00e4 ja arkisista asioista. Oman kehon kuvaaminen on h\u00e4nelle my\u00f6s tietynlainen kilpailuasetelma aikaa vastaan. Leinon omakuvat on toteutettu itselaukaisinta ja kymmenen sekunnin ajastinta k\u00e4ytt\u00e4en, j\u00e4tt\u00e4en h\u00e4nelle lyhyen ajan juosta kameran eteen ja j\u00e4hmett\u00e4\u00e4 itsens\u00e4. Rajoitettu m\u00e4\u00e4r\u00e4 aikaa kuvaustilanteessa saa h\u00e4net tuntemaan itsens\u00e4 vapaaksi, muodostaen yll\u00e4tyselementin kuvaamisen ymp\u00e4rille.<br>Vilma Leino on ty\u00f6skennellyt valokuvataiteilijana Berliiniss\u00e4 vuodesta 2019, josta l\u00e4htien h\u00e4nen soolo n\u00e4yttelyit\u00e4 on j\u00e4rjestetty Helsingiss\u00e4, Lyonissa, Berliiniss\u00e4, Ateenassa, sek\u00e4 K\u00f6\u00f6penhaminassa.<\/p>\n","protected":false},"excerpt":{"rendered":"<p>Memorizing Labyrinths n\u00e4yttely koostuu Vilma Leinon omakuvista vuosilta 2020-2023. H\u00e4nen valokuvansa keskittyv\u00e4t heijastamaan sis\u00e4isi\u00e4 tunteita, eristyneisyytt\u00e4, sek\u00e4 psykologisia haasteita. Leinon valokuvat kuvastavat kertomatta j\u00e4tettyj\u00e4 tarinoita kuvitteellisten naishahmojen kautta, yhdist\u00e4en intensiivisi\u00e4 v\u00e4rej\u00e4, harkittuja kompositioita, sek\u00e4 ilmeet\u00f6nt\u00e4 ja apaattista ihmiskehoa. H\u00e4nen valokuvansa tasapainottavat kauhua ja kauneutta, j\u00e4tt\u00e4en tilaa huumorille, jota h\u00e4n k\u00e4ytt\u00e4\u00e4 valoa ankeuteen tuovana aspektina. H\u00e4nen [&hellip;]<\/p>\n","protected":false},"author":2,"featured_media":0,"parent":3,"menu_order":0,"comment_status":"closed","ping_status":"closed","template":"","meta":{"footnotes":""},"class_list":["post-6090","page","type-page","status-publish","hentry"],"_links":{"self":[{"href":"https:\/\/www.hirvikatu10.net\/wp-json\/wp\/v2\/pages\/6090","targetHints":{"allow":["GET"]}}],"collection":[{"href":"https:\/\/www.hirvikatu10.net\/wp-json\/wp\/v2\/pages"}],"about":[{"href":"https:\/\/www.hirvikatu10.net\/wp-json\/wp\/v2\/types\/page"}],"author":[{"embeddable":true,"href":"https:\/\/www.hirvikatu10.net\/wp-json\/wp\/v2\/users\/2"}],"replies":[{"embeddable":true,"href":"https:\/\/www.hirvikatu10.net\/wp-json\/wp\/v2\/comments?post=6090"}],"version-history":[{"count":1,"href":"https:\/\/www.hirvikatu10.net\/wp-json\/wp\/v2\/pages\/6090\/revisions"}],"predecessor-version":[{"id":6092,"href":"https:\/\/www.hirvikatu10.net\/wp-json\/wp\/v2\/pages\/6090\/revisions\/6092"}],"up":[{"embeddable":true,"href":"https:\/\/www.hirvikatu10.net\/wp-json\/wp\/v2\/pages\/3"}],"wp:attachment":[{"href":"https:\/\/www.hirvikatu10.net\/wp-json\/wp\/v2\/media?parent=6090"}],"curies":[{"name":"wp","href":"https:\/\/api.w.org\/{rel}","templated":true}]}}